{"id":341,"date":"2019-06-01T20:49:19","date_gmt":"2019-06-01T17:49:19","guid":{"rendered":"http:\/\/innovationplans.com\/themes\/bim\/wp\/?page_id=341"},"modified":"2023-08-01T16:58:55","modified_gmt":"2023-08-01T13:58:55","slug":"projeler","status":"publish","type":"page","link":"https:\/\/ozkatreinsaat.com\/insaat\/projeler\/","title":{"rendered":"Projeler &#038; Referanslar\u0131"},"content":{"rendered":"\t\t<div data-elementor-type=\"wp-post\" data-elementor-id=\"341\" class=\"elementor elementor-341\">\n\t\t\t\t\t\t\t\t\t<section class=\"elementor-section elementor-top-section elementor-element elementor-element-3f8c4bca elementor-section-boxed elementor-section-height-default elementor-section-height-default\" data-id=\"3f8c4bca\" data-element_type=\"section\" id=\"Portfolio\" data-settings=\"{&quot;background_background&quot;:&quot;classic&quot;}\">\n\t\t\t\t\t\t<div class=\"elementor-container elementor-column-gap-default\">\n\t\t\t\t\t<div class=\"elementor-column elementor-col-100 elementor-top-column elementor-element elementor-element-b01925f\" data-id=\"b01925f\" data-element_type=\"column\">\n\t\t\t<div class=\"elementor-widget-wrap elementor-element-populated\">\n\t\t\t\t\t\t\t\t<section class=\"elementor-section elementor-inner-section elementor-element elementor-element-1f6450fb elementor-section-boxed elementor-section-height-default elementor-section-height-default\" data-id=\"1f6450fb\" data-element_type=\"section\">\n\t\t\t\t\t\t<div class=\"elementor-container elementor-column-gap-default\">\n\t\t\t\t\t<div class=\"elementor-column elementor-col-100 elementor-inner-column elementor-element elementor-element-339fc9bb\" data-id=\"339fc9bb\" data-element_type=\"column\">\n\t\t\t<div class=\"elementor-widget-wrap elementor-element-populated\">\n\t\t\t\t\t\t\t\t<div class=\"elementor-element elementor-element-154ea529 elementor-widget elementor-widget-heading\" data-id=\"154ea529\" data-element_type=\"widget\" data-widget_type=\"heading.default\">\n\t\t\t\t<div class=\"elementor-widget-container\">\n\t\t\t<style>\/*! elementor - v3.14.0 - 26-06-2023 *\/\n.elementor-heading-title{padding:0;margin:0;line-height:1}.elementor-widget-heading .elementor-heading-title[class*=elementor-size-]>a{color:inherit;font-size:inherit;line-height:inherit}.elementor-widget-heading .elementor-heading-title.elementor-size-small{font-size:15px}.elementor-widget-heading .elementor-heading-title.elementor-size-medium{font-size:19px}.elementor-widget-heading .elementor-heading-title.elementor-size-large{font-size:29px}.elementor-widget-heading .elementor-heading-title.elementor-size-xl{font-size:39px}.elementor-widget-heading .elementor-heading-title.elementor-size-xxl{font-size:59px}<\/style><h6 class=\"elementor-heading-title elementor-size-default\">P L U S P L \u0130 S E<\/h6>\t\t<\/div>\n\t\t\t\t<\/div>\n\t\t\t\t<div class=\"elementor-element elementor-element-4250cf7c elementor-widget elementor-widget-heading\" data-id=\"4250cf7c\" data-element_type=\"widget\" data-widget_type=\"heading.default\">\n\t\t\t\t<div class=\"elementor-widget-container\">\n\t\t\t<h3 class=\"elementor-heading-title elementor-size-default\">REFERANSLARIMIZ<\/h3>\t\t<\/div>\n\t\t\t\t<\/div>\n\t\t\t\t\t<\/div>\n\t\t<\/div>\n\t\t\t\t\t\t\t<\/div>\n\t\t<\/section>\n\t\t\t\t<section class=\"elementor-section elementor-inner-section elementor-element elementor-element-357c5ab4 elementor-section-full_width elementor-section-height-default elementor-section-height-default\" data-id=\"357c5ab4\" data-element_type=\"section\">\n\t\t\t\t\t\t<div class=\"elementor-container elementor-column-gap-no\">\n\t\t\t\t\t<div class=\"elementor-column elementor-col-100 elementor-inner-column elementor-element elementor-element-ba10c3b\" data-id=\"ba10c3b\" data-element_type=\"column\">\n\t\t\t<div class=\"elementor-widget-wrap elementor-element-populated\">\n\t\t\t\t\t\t\t\t<div class=\"elementor-element elementor-element-e233e24 elementor-widget elementor-widget-bim-portfolio\" data-id=\"e233e24\" data-element_type=\"widget\" data-widget_type=\"bim-portfolio.default\">\n\t\t\t\t<div class=\"elementor-widget-container\">\n\t\t\t\t\t<div class=\"filter-tab\">\r\n\t        <ul class=\"port-filter center-port-filter animated fadeInUp slow\" data-animation=\"fadeInUp\" data-delay=\"0.8s\" >\r\n\t                            \r\n\t\t\t\t \r\n\t        <\/ul>\r\n        <\/div>\r\n\t\t\r\n        \r\n   \r\n   \t\t<div class=\"portfolio-body clearfix standard-port portfolio-type-three\">\r\n\t\t\t            \r\n            <div class=\"col-md-4             port-item post-3731 portfolio type-portfolio status-publish has-post-thumbnail hentry \" id=\"post-3731\" >\r\n               \r\n                <div class=\"port-inner\"> \r\n\r\n\t\t\t\t\t\r\n\t                    <div class=\"port-box\"><\/div> \r\n\t                    <div class=\"port-img width-img img-bg\" style=\"background-image:url(https:\/\/ozkatreinsaat.com\/insaat\/wp-content\/uploads\/2023\/12\/42935.jpg);\"><\/div>\r\n\t                                        \r\n\r\n                    <div class=\"img-mask\"><\/div>\r\n                    <div class=\"port-dbox\">\r\n                        <div class=\"dbox-relative\">\r\n                        \t                            <a href=\"https:\/\/ozkatreinsaat.com\/insaat\/wp-content\/uploads\/2023\/12\/42935.jpg\" class=\"popup-img port-icon\"> \r\n                                <span class=\"icon\"><i class=\"fa fa-search\"><\/i><\/span>\r\n                             <\/a>\r\n                                                         <h3><a href=\"https:\/\/ozkatreinsaat.com\/insaat\/portfolio\/oz-katre-insaat\/\" >\u00d6z Katre \u0130nsaat<\/a><\/h3>\r\n                            <div class=\"cleaboth clearfix\"><\/div>\r\n                             \r\n                            <p><\/p>\r\n                        <\/div><!--\/.dbox-relative-->\r\n                        \t                     <\/a>\r\n                    <\/div><!--\/.port-dbox--> \r\n                <\/div><!--\/.port-inner-->                \r\n                \r\n            <\/div><!--.port-item-->\r\n           \r\n                       \r\n            <div class=\"col-md-4             port-item post-3730 portfolio type-portfolio status-publish has-post-thumbnail hentry \" id=\"post-3730\" >\r\n               \r\n                <div class=\"port-inner\"> \r\n\r\n\t\t\t\t\t\r\n\t                    <div class=\"port-box\"><\/div> \r\n\t                    <div class=\"port-img width-img img-bg\" style=\"background-image:url(https:\/\/ozkatreinsaat.com\/insaat\/wp-content\/uploads\/2023\/12\/0113670_yesil-insaat-teknolojilerine-dunya-capinda-22-milyar-dolarlik-yatirim.jpeg);\"><\/div>\r\n\t                                        \r\n\r\n                    <div class=\"img-mask\"><\/div>\r\n                    <div class=\"port-dbox\">\r\n                        <div class=\"dbox-relative\">\r\n                        \t                            <a href=\"https:\/\/ozkatreinsaat.com\/insaat\/wp-content\/uploads\/2023\/12\/0113670_yesil-insaat-teknolojilerine-dunya-capinda-22-milyar-dolarlik-yatirim.jpeg\" class=\"popup-img port-icon\"> \r\n                                <span class=\"icon\"><i class=\"fa fa-search\"><\/i><\/span>\r\n                             <\/a>\r\n                                                         <h3><a href=\"https:\/\/ozkatreinsaat.com\/insaat\/portfolio\/oz-katre-insaat-2\/\" >\u00d6z Katre \u0130nsaat<\/a><\/h3>\r\n                            <div class=\"cleaboth clearfix\"><\/div>\r\n                             \r\n                            <p><\/p>\r\n                        <\/div><!--\/.dbox-relative-->\r\n                        \t                     <\/a>\r\n                    <\/div><!--\/.port-dbox--> \r\n                <\/div><!--\/.port-inner-->                \r\n                \r\n            <\/div><!--.port-item-->\r\n           \r\n                       \r\n            <div class=\"col-md-4             port-item post-3729 portfolio type-portfolio status-publish has-post-thumbnail hentry \" id=\"post-3729\" >\r\n               \r\n                <div class=\"port-inner\"> \r\n\r\n\t\t\t\t\t\r\n\t                    <div class=\"port-box\"><\/div> \r\n\t                    <div class=\"port-img width-img img-bg\" style=\"background-image:url(https:\/\/ozkatreinsaat.com\/insaat\/wp-content\/uploads\/2023\/12\/Adsiz-tasarim-62.png);\"><\/div>\r\n\t                                        \r\n\r\n                    <div class=\"img-mask\"><\/div>\r\n                    <div class=\"port-dbox\">\r\n                        <div class=\"dbox-relative\">\r\n                        \t                            <a href=\"https:\/\/ozkatreinsaat.com\/insaat\/wp-content\/uploads\/2023\/12\/Adsiz-tasarim-62.png\" class=\"popup-img port-icon\"> \r\n                                <span class=\"icon\"><i class=\"fa fa-search\"><\/i><\/span>\r\n                             <\/a>\r\n                                                         <h3><a href=\"https:\/\/ozkatreinsaat.com\/insaat\/portfolio\/oz-katre-insaat-3\/\" >\u00d6z Katre \u0130nsaat<\/a><\/h3>\r\n                            <div class=\"cleaboth clearfix\"><\/div>\r\n                             \r\n                            <p><\/p>\r\n                        <\/div><!--\/.dbox-relative-->\r\n                        \t                     <\/a>\r\n                    <\/div><!--\/.port-dbox--> \r\n                <\/div><!--\/.port-inner-->                \r\n                \r\n            <\/div><!--.port-item-->\r\n           \r\n           \t\t\t\r\n\t\t\t\t   <!--pagination--> \r\n                                             \r\n                            \r\n        <\/div><!--\/.portfolio-body-->\r\n                        \r\n\t\t\t\t<\/div>\n\t\t\t\t<\/div>\n\t\t\t\t\t<\/div>\n\t\t<\/div>\n\t\t\t\t\t\t\t<\/div>\n\t\t<\/section>\n\t\t\t\t\t<\/div>\n\t\t<\/div>\n\t\t\t\t\t\t\t<\/div>\n\t\t<\/section>\n\t\t\t\t\t\t\t<\/div>\n\t\t","protected":false},"excerpt":{"rendered":"<p>P L U S P L \u0130 S E REFERANSLARIMIZ Plise Perde Montaj\u0131 #6 #60 Plise Perde Montaj\u0131 #6 #59 Plise Perde Montaj\u0131 #6 #58 Plise Perde Montaj\u0131 #6 #57 Plise Perde Montaj\u0131 #6 #62 Plise Perde Montaj\u0131 #6 #56 Plise Perde Montaj\u0131 #6 #61 Plise Perde Montaj\u0131 #6 #69 Plise Perde Montaj\u0131 #6 #63 Plise Perde Montaj\u0131 #6 #64 &hellip;<\/p>\n","protected":false},"author":1,"featured_media":0,"parent":0,"menu_order":0,"comment_status":"closed","ping_status":"closed","template":"blank-builder.php","meta":{"footnotes":""},"class_list":["post-341","page","type-page","status-publish","hentry"],"_links":{"self":[{"href":"https:\/\/ozkatreinsaat.com\/insaat\/wp-json\/wp\/v2\/pages\/341","targetHints":{"allow":["GET"]}}],"collection":[{"href":"https:\/\/ozkatreinsaat.com\/insaat\/wp-json\/wp\/v2\/pages"}],"about":[{"href":"https:\/\/ozkatreinsaat.com\/insaat\/wp-json\/wp\/v2\/types\/page"}],"author":[{"embeddable":true,"href":"https:\/\/ozkatreinsaat.com\/insaat\/wp-json\/wp\/v2\/users\/1"}],"replies":[{"embeddable":true,"href":"https:\/\/ozkatreinsaat.com\/insaat\/wp-json\/wp\/v2\/comments?post=341"}],"version-history":[{"count":9,"href":"https:\/\/ozkatreinsaat.com\/insaat\/wp-json\/wp\/v2\/pages\/341\/revisions"}],"predecessor-version":[{"id":3835,"href":"https:\/\/ozkatreinsaat.com\/insaat\/wp-json\/wp\/v2\/pages\/341\/revisions\/3835"}],"wp:attachment":[{"href":"https:\/\/ozkatreinsaat.com\/insaat\/wp-json\/wp\/v2\/media?parent=341"}],"curies":[{"name":"wp","href":"https:\/\/api.w.org\/{rel}","templated":true}]}}